{"id":13,"date":"2019-11-28T20:11:33","date_gmt":"2019-11-28T20:11:33","guid":{"rendered":"http:\/\/lovelysisters.de\/?page_id=13"},"modified":"2020-09-26T16:52:56","modified_gmt":"2020-09-26T16:52:56","slug":"wir","status":"publish","type":"page","link":"https:\/\/lovelysisters.de\/?page_id=13","title":{"rendered":"Wir"},"content":{"rendered":"\n<p> Hallo, wir sind Janika und Jessica, zwei Schwestern Anfang 30, mit viel  Liebe f\u00fcr alles Sch\u00f6ne, Kreative und Leckere. Wir basteln, kochen und  backen, vor allem haben wir aber viel Freude daran leckeres Essen und  gute Ideen zu einem sch\u00f6nen Fest oder einem gem\u00fctlichen Abend mit  Familie und Freunden zu verbinden. <br>Durch  unsere Hochzeiten 2019 haben wir gemerkt, dass auch anderen unsere  Ideen gut gefallen, daher haben wir beschlossen diese in unserem eigenen  Blog zu teilen um euch Anregungen f\u00fcr eure eigenen Projekte zu geben.  Zudem gef\u00e4llt uns der Gedanke durch unseren Blog etwas \u201ezur\u00fcckgeben\u201c zu  k\u00f6nnen, denn nat\u00fcrlich lassen auch wir uns gern von tollen Rezepten und  Deko-Ideen aus dem Internet inspirieren. <br>Bei  uns findest du neben Rezepten zu s\u00fc\u00dfen und salzigen Leckereien auch  Step-by-Step-Anleitungen f\u00fcr Dekoratives und Sch\u00f6nes. Klingt nach etwas,  das dir gefallen k\u00f6nnte? Dann schnapp\u2019 dir eine Tasse Kaffee und  durchst\u00f6bere unsere Posts.<br>Falls dir  gef\u00e4llt was wir machen, freuen wir uns sehr \u00fcber dein Feedback in  unserer Kommentarleiste. Nat\u00fcrlich darfst du unseren Blog auch gerne  deinen Freunden empfehlen \ud83d\ude42 <\/p>\n\n\n\n<p><\/p>\n\n\n\n<h2 class=\"wp-block-heading\"><span style=\"color:#7bdcb5\" class=\"tadv-color\">Alles Liebe Janika und Jessica<\/span><\/h2>\n","protected":false},"excerpt":{"rendered":"<p>Hallo, wir sind Janika und Jessica, zwei Schwestern Anfang 30, mit viel Liebe f\u00fcr alles Sch\u00f6ne, Kreative und Leckere. Wir basteln, kochen und backen, vor allem haben wir aber viel Freude daran leckeres Essen und gute Ideen zu einem sch\u00f6nen Fest oder einem gem\u00fctlichen Abend mit Familie und Freunden zu verbinden. Durch unsere Hochzeiten 2019 haben wir gemerkt, dass auch anderen unsere Ideen gut gefallen, daher haben wir beschlossen diese in unserem eigenen Blog zu teilen um euch Anregungen f\u00fcr eure eigenen Projekte zu geben. Zudem gef\u00e4llt uns der Gedanke durch unseren Blog etwas \u201ezur\u00fcckgeben\u201c zu k\u00f6nnen, denn nat\u00fcrlich lassen auch wir uns gern von tollen Rezepten und Deko-Ideen aus dem Internet inspirieren. Bei uns findest du neben Rezepten zu s\u00fc\u00dfen und salzigen Leckereien auch Step-by-Step-Anleitungen f\u00fcr Dekoratives und Sch\u00f6nes. Klingt nach etwas, das dir gefallen k\u00f6nnte? Dann schnapp\u2019 dir eine Tasse Kaffee und durchst\u00f6bere unsere Posts.Falls dir gef\u00e4llt was wir machen, freuen wir uns sehr \u00fcber dein Feedback in unserer Kommentarleiste. Nat\u00fcrlich darfst du unseren Blog auch gerne deinen Freunden empfehlen \ud83d\ude42 Alles Liebe Janika und Jessica<\/p>\n","protected":false},"author":1,"featured_media":27,"parent":0,"menu_order":0,"comment_status":"closed","ping_status":"closed","template":"","meta":{"_monsterinsights_skip_tracking":false,"_monsterinsights_sitenote_active":false,"_monsterinsights_sitenote_note":"","_monsterinsights_sitenote_category":0,"footnotes":""},"class_list":["post-13","page","type-page","status-publish","has-post-thumbnail","hentry"],"_links":{"self":[{"href":"https:\/\/lovelysisters.de\/index.php?rest_route=\/wp\/v2\/pages\/13","targetHints":{"allow":["GET"]}}],"collection":[{"href":"https:\/\/lovelysisters.de\/index.php?rest_route=\/wp\/v2\/pages"}],"about":[{"href":"https:\/\/lovelysisters.de\/index.php?rest_route=\/wp\/v2\/types\/page"}],"author":[{"embeddable":true,"href":"https:\/\/lovelysisters.de\/index.php?rest_route=\/wp\/v2\/users\/1"}],"replies":[{"embeddable":true,"href":"https:\/\/lovelysisters.de\/index.php?rest_route=%2Fwp%2Fv2%2Fcomments&post=13"}],"version-history":[{"count":5,"href":"https:\/\/lovelysisters.de\/index.php?rest_route=\/wp\/v2\/pages\/13\/revisions"}],"predecessor-version":[{"id":1312,"href":"https:\/\/lovelysisters.de\/index.php?rest_route=\/wp\/v2\/pages\/13\/revisions\/1312"}],"wp:featuredmedia":[{"embeddable":true,"href":"https:\/\/lovelysisters.de\/index.php?rest_route=\/wp\/v2\/media\/27"}],"wp:attachment":[{"href":"https:\/\/lovelysisters.de\/index.php?rest_route=%2Fwp%2Fv2%2Fmedia&parent=13"}],"curies":[{"name":"wp","href":"https:\/\/api.w.org\/{rel}","templated":true}]}}