{"id":108,"date":"2019-12-15T18:01:06","date_gmt":"2019-12-15T18:01:06","guid":{"rendered":"http:\/\/lovelysisters.de\/?page_id=108"},"modified":"2020-03-06T08:14:57","modified_gmt":"2020-03-06T08:14:57","slug":"beitraege","status":"publish","type":"page","link":"https:\/\/lovelysisters.de\/?page_id=108","title":{"rendered":"Impressum"},"content":{"rendered":"\n<h4 class=\"wp-block-heading\">Datenschutz <\/h4>\n\n\n\n<p>\nDiese Webseite nutzt keine Werkzeuge, von Ihnen \u00fcbermittelte Daten zu \nVerarbeiten (keine Cookie, Tracker oder Speicherung personenbezogener \nDaten). Es erfolgt lediglich serverseitige protkollierung der \nVerbindungsdaten. <br>\nDas Zusenden unverlangter Werbemails lehnen wir ab. Ebenso d\u00fcrfen die \nauf dieser Seite angegeben Mail-adressen nicht f\u00fcr Werbezwecke verwendet\n werden.<br><\/p>\n\n\n\n<h4 class=\"wp-block-heading\">Haftungsbeschr\u00e4nkung<\/h4>\n\n\n\n<p>\nDie Inhaltserstellung dieses Webauftritts ist mit gro\u00dfer Sorgfalt \nerstellt worden, jedoch kann kein Anspruch auf Aktualit\u00e4t, \nVollst\u00e4ndigkeit oder Richtigkeit gegeben werden. Ebenso behalten wir uns\n vor, \u00c4nderungen, Erg\u00e4nzungen oder Aktualisierungen vorzunehmen.<br>\nEine Haftung f\u00fcr direkte oder indirekte Sch\u00e4den, die aufgrund von \nInformationen auf dieser Webseite entstehen, wird ausgeschlossen. In \nkeinem Fall haften wir f\u00fcr entgangenen Umsatz oder Gewinn oder sonstige \nVerm\u00f6genssch\u00e4den die durch die Verwendung der auf dieser Webpr\u00e4senz \ngezeigten Inhalte entstehen k\u00f6nnen. Insbesondere f\u00fcr Bauanleitungen wird\n hiermit darauf hingewiesen, dass die einschl\u00e4gigen Normen und \nVorschriften zu beachten sind.<br><\/p>\n\n\n\n<h4 class=\"wp-block-heading\">Urheberrechte\/Schutzrechte<\/h4>\n\n\n\n<p>\nDie Inhalte dieser Webpr\u00e4senz unterliegen dem deutschen Urheberrecht. <br>\nWir gestatten die \u00dcbernahme von Texten und Dateien in Datenbest\u00e4nde, die\n ausschlie\u00dflich f\u00fcr den privaten Gebrauch eines Nutzers bestimmt sind. \nDie \u00dcbernahme und Nutzung der Daten zu anderen Zwecken bedarf der \nschriftlichen Zustimmung der Leitung der Homepage. <br>\nAlle auf dieser Webpr\u00e4senz genannten und gegebenenfalls durch Dritte \ngesch\u00fctzten Marken- und Warenzeichen sowie Patentrechte unterliegen \nuneingeschr\u00e4nkt den Bestimmungen des jeweils g\u00fcltigen Rechts und den \nBesitzrechten der jeweiligen eingetragenen Eigent\u00fcmer. Aufgrund der \nblo\u00dfen Nennung ist nicht der Schluss zu ziehen, dass Markenzeichen sowie\n Patente nicht durch Rechte Dritter gesch\u00fctzt sind. Falls Sie vermuten, \ndass von dieser Webpr\u00e4senz eines Ihrer Schutzrechte verletzt wird, \ninformieren Sie uns bitte umgehend per E-Mail.<br><\/p>\n\n\n\n<h4 class=\"wp-block-heading\">Externe Links<\/h4>\n\n\n\n<p>\nDiese Webpr\u00e4senz verf\u00fcgt \u00fcber Verlinkungen zu externen Seiten. Wir \nerkl\u00e4ren ausdr\u00fccklich, dass wir keinerlei Einfluss auf die Gestaltung \nund die Inhalte der gelinkten Seiten haben und damit keine Einfluss auf \ndie Inhalte oder deren Richtigkeit haben. Zum Zeitpunkt der Verlinkung \nkonnten keine problematischen Inhalte erkannt werden. \n\n<\/p>\n\n\n\n<h4 class=\"wp-block-heading\"> Kontakt (E-Mail):<\/h4>\n","protected":false},"excerpt":{"rendered":"<p>Datenschutz Diese Webseite nutzt keine Werkzeuge, von Ihnen \u00fcbermittelte Daten zu Verarbeiten (keine Cookie, Tracker oder Speicherung personenbezogener Daten). Es erfolgt lediglich serverseitige protkollierung der Verbindungsdaten. Das Zusenden unverlangter Werbemails lehnen wir ab. Ebenso d\u00fcrfen die auf dieser Seite angegeben Mail-adressen nicht f\u00fcr Werbezwecke verwendet werden. Haftungsbeschr\u00e4nkung Die Inhaltserstellung dieses Webauftritts ist mit gro\u00dfer Sorgfalt erstellt worden, jedoch kann kein Anspruch auf Aktualit\u00e4t, Vollst\u00e4ndigkeit oder Richtigkeit gegeben werden. Ebenso behalten wir uns vor, \u00c4nderungen, Erg\u00e4nzungen oder Aktualisierungen vorzunehmen. Eine Haftung f\u00fcr direkte oder indirekte Sch\u00e4den, die aufgrund von Informationen auf dieser Webseite entstehen, wird ausgeschlossen. In keinem Fall haften wir f\u00fcr entgangenen Umsatz oder Gewinn oder sonstige Verm\u00f6genssch\u00e4den die durch die Verwendung der auf dieser Webpr\u00e4senz gezeigten Inhalte entstehen k\u00f6nnen. Insbesondere f\u00fcr Bauanleitungen wird hiermit darauf hingewiesen, dass die einschl\u00e4gigen Normen und Vorschriften zu beachten sind. Urheberrechte\/Schutzrechte Die Inhalte dieser Webpr\u00e4senz unterliegen dem deutschen Urheberrecht. Wir gestatten die \u00dcbernahme von Texten und Dateien in Datenbest\u00e4nde, die ausschlie\u00dflich f\u00fcr den privaten Gebrauch eines Nutzers bestimmt sind. Die \u00dcbernahme und Nutzung der Daten zu anderen Zwecken bedarf der schriftlichen Zustimmung der Leitung der Homepage. Alle auf dieser Webpr\u00e4senz genannten und gegebenenfalls durch Dritte gesch\u00fctzten Marken- und Warenzeichen sowie Patentrechte unterliegen uneingeschr\u00e4nkt den Bestimmungen des jeweils g\u00fcltigen Rechts und den Besitzrechten der jeweiligen eingetragenen Eigent\u00fcmer. Aufgrund der blo\u00dfen Nennung ist nicht der Schluss zu ziehen, dass Markenzeichen sowie Patente nicht durch Rechte Dritter gesch\u00fctzt sind. Falls Sie vermuten, dass von dieser Webpr\u00e4senz eines Ihrer Schutzrechte verletzt wird, informieren Sie uns bitte umgehend per E-Mail. Externe Links Diese Webpr\u00e4senz verf\u00fcgt \u00fcber Verlinkungen zu externen Seiten. Wir erkl\u00e4ren ausdr\u00fccklich, dass wir keinerlei Einfluss auf die Gestaltung und die Inhalte der gelinkten Seiten haben und damit keine Einfluss auf die Inhalte oder deren Richtigkeit haben. Zum Zeitpunkt der Verlinkung konnten keine problematischen Inhalte erkannt werden. Kontakt (E-Mail):<\/p>\n","protected":false},"author":1,"featured_media":0,"parent":0,"menu_order":0,"comment_status":"closed","ping_status":"closed","template":"","meta":{"_monsterinsights_skip_tracking":false,"_monsterinsights_sitenote_active":false,"_monsterinsights_sitenote_note":"","_monsterinsights_sitenote_category":0,"footnotes":""},"class_list":["post-108","page","type-page","status-publish","hentry"],"_links":{"self":[{"href":"https:\/\/lovelysisters.de\/index.php?rest_route=\/wp\/v2\/pages\/108","targetHints":{"allow":["GET"]}}],"collection":[{"href":"https:\/\/lovelysisters.de\/index.php?rest_route=\/wp\/v2\/pages"}],"about":[{"href":"https:\/\/lovelysisters.de\/index.php?rest_route=\/wp\/v2\/types\/page"}],"author":[{"embeddable":true,"href":"https:\/\/lovelysisters.de\/index.php?rest_route=\/wp\/v2\/users\/1"}],"replies":[{"embeddable":true,"href":"https:\/\/lovelysisters.de\/index.php?rest_route=%2Fwp%2Fv2%2Fcomments&post=108"}],"version-history":[{"count":7,"href":"https:\/\/lovelysisters.de\/index.php?rest_route=\/wp\/v2\/pages\/108\/revisions"}],"predecessor-version":[{"id":428,"href":"https:\/\/lovelysisters.de\/index.php?rest_route=\/wp\/v2\/pages\/108\/revisions\/428"}],"wp:attachment":[{"href":"https:\/\/lovelysisters.de\/index.php?rest_route=%2Fwp%2Fv2%2Fmedia&parent=108"}],"curies":[{"name":"wp","href":"https:\/\/api.w.org\/{rel}","templated":true}]}}